{"id":85812,"date":"2024-10-21T13:18:54","date_gmt":"2024-10-21T13:18:54","guid":{"rendered":"https:\/\/2025.laulupidu.ee\/baltic-conference-on-song-and-dance-celebrations\/esinejad\/"},"modified":"2024-10-31T07:42:43","modified_gmt":"2024-10-31T07:42:43","slug":"esinejad","status":"publish","type":"page","link":"https:\/\/2025.laulupidu.ee\/en\/baltic-conference-on-song-and-dance-celebrations\/esinejad\/","title":{"rendered":"Speakers"},"content":{"rendered":"\n<h3 class=\"wp-block-heading wp-el\">Speakers from Estonia<\/h3>\n\n\n<div class=\"ama-block block-people\"><div class=\"block__body\"><button class=\"person-item\" type=\"button\" data-bs-toggle=\"modal\" data-bs-target=\"#margus-toomla\"><div class=\"item__thumb d-block position-relative\"><img loading=\"lazy\" decoding=\"async\" width=\"540\" height=\"700\" src=\"https:\/\/2025.laulupidu.ee\/wp-content\/uploads\/2024\/10\/web-Margus-Toomla_35A0776-Edit-e1734883432917-540x700.jpg\" class=\"attachment-img-540x700 size-img-540x700\" alt=\"\" \/><div class=\"item__thumb-content\"><p class=\"fw-bold has-medium-font-size\">Margus Toomla<\/p><p class=\"is-modal__btn\">Read more<\/p><\/div><\/div><\/button><div class=\"person-item\"><div class=\"item__thumb d-block position-relative\"><a href=\"https:\/\/2025.laulupidu.ee\/wp-content\/uploads\/2024\/10\/web-Karel-Johannes-Vahi_35A1118-Edit-933x1400.jpg\"><img loading=\"lazy\" decoding=\"async\" width=\"540\" height=\"700\" src=\"https:\/\/2025.laulupidu.ee\/wp-content\/uploads\/2024\/10\/web-Karel-Johannes-Vahi_35A1118-Edit-540x700.jpg\" class=\"attachment-img-540x700 size-img-540x700\" alt=\"\" \/><\/a><div class=\"item__thumb-content\"><p class=\"fw-bold has-medium-font-size\">Karel Johannes V\u00e4hi<\/p><\/div><\/div><\/div><div class=\"person-item\"><div class=\"item__thumb d-block position-relative\"><a href=\"https:\/\/2025.laulupidu.ee\/wp-content\/uploads\/2024\/10\/web-Kadri-Tiis_35A1694-Edit-2-933x1400.jpg\"><img loading=\"lazy\" decoding=\"async\" width=\"540\" height=\"700\" src=\"https:\/\/2025.laulupidu.ee\/wp-content\/uploads\/2024\/10\/web-Kadri-Tiis_35A1694-Edit-2-540x700.jpg\" class=\"attachment-img-540x700 size-img-540x700\" alt=\"\" \/><\/a><div class=\"item__thumb-content\"><p class=\"fw-bold has-medium-font-size\">Kadri Tiis<\/p><\/div><\/div><\/div><button class=\"person-item\" type=\"button\" data-bs-toggle=\"modal\" data-bs-target=\"#ingrid-roose\"><div class=\"item__thumb d-block position-relative\"><img loading=\"lazy\" decoding=\"async\" width=\"540\" height=\"700\" src=\"https:\/\/2025.laulupidu.ee\/wp-content\/uploads\/2024\/10\/web-Ingrid-Roose_35A0053-Edit-e1730914880581-540x700.jpg\" class=\"attachment-img-540x700 size-img-540x700\" alt=\"\" \/><div class=\"item__thumb-content\"><p class=\"fw-bold has-medium-font-size\">Ingrid M\u00e4nd<\/p><p class=\"is-modal__btn\">Read more<\/p><\/div><\/div><\/button><div class=\"person-item\"><div class=\"item__thumb d-block position-relative\"><a href=\"https:\/\/2025.laulupidu.ee\/wp-content\/uploads\/2024\/10\/web-Hirvo-Surva_35A0132-Edit-933x1400.jpg\"><img loading=\"lazy\" decoding=\"async\" width=\"540\" height=\"700\" src=\"https:\/\/2025.laulupidu.ee\/wp-content\/uploads\/2024\/10\/web-Hirvo-Surva_35A0132-Edit-540x700.jpg\" class=\"attachment-img-540x700 size-img-540x700\" alt=\"\" \/><\/a><div class=\"item__thumb-content\"><p class=\"fw-bold has-medium-font-size\">Hirvo Surva<\/p><\/div><\/div><\/div><div class=\"person-item\"><div class=\"item__thumb d-block position-relative\"><a href=\"https:\/\/2025.laulupidu.ee\/wp-content\/uploads\/2024\/10\/web-Agne-Kurrikoff-Herman_35A0855-Edit-2-933x1400.jpg\"><img loading=\"lazy\" decoding=\"async\" width=\"540\" height=\"700\" src=\"https:\/\/2025.laulupidu.ee\/wp-content\/uploads\/2024\/10\/web-Agne-Kurrikoff-Herman_35A0855-Edit-2-540x700.jpg\" class=\"attachment-img-540x700 size-img-540x700\" alt=\"\" \/><\/a><div class=\"item__thumb-content\"><p class=\"fw-bold has-medium-font-size\">Agne Kurrikoff-Herman<\/p><\/div><\/div><\/div><div class=\"person-item\"><div class=\"item__thumb d-block position-relative\"><a href=\"https:\/\/2025.laulupidu.ee\/wp-content\/uploads\/2024\/10\/web-Aarne-Saluveer_35A1890-Edit-e1734879598724.jpg\"><img loading=\"lazy\" decoding=\"async\" width=\"540\" height=\"700\" src=\"https:\/\/2025.laulupidu.ee\/wp-content\/uploads\/2024\/10\/web-Aarne-Saluveer_35A1890-Edit-e1734879598724-540x700.jpg\" class=\"attachment-img-540x700 size-img-540x700\" alt=\"\" \/><\/a><div class=\"item__thumb-content\"><p class=\"fw-bold has-medium-font-size\">Aarne Saluveer<\/p><\/div><\/div><\/div><button class=\"person-item\" type=\"button\" data-bs-toggle=\"modal\" data-bs-target=\"#hanna-liisa-motus\"><div class=\"item__thumb d-block position-relative\"><img loading=\"lazy\" decoding=\"async\" width=\"540\" height=\"700\" src=\"https:\/\/2025.laulupidu.ee\/wp-content\/uploads\/2024\/10\/Hanna-Liisa-Motus.-Foto_-Erakogu-3-540x700.png\" class=\"attachment-img-540x700 size-img-540x700\" alt=\"\" \/><div class=\"item__thumb-content\"><p class=\"fw-bold has-medium-font-size\">Hanna-Liisa M\u00f5tus<\/p><p class=\"is-modal__btn\">Read more<\/p><\/div><\/div><\/button><button class=\"person-item\" type=\"button\" data-bs-toggle=\"modal\" data-bs-target=\"#sten-weidebaum\"><div class=\"item__thumb d-block position-relative\"><img loading=\"lazy\" decoding=\"async\" width=\"540\" height=\"700\" src=\"https:\/\/2025.laulupidu.ee\/wp-content\/uploads\/2024\/10\/web-Sten-Weidebaum_35A1952-Edit-540x700.jpg\" class=\"attachment-img-540x700 size-img-540x700\" alt=\"\" \/><div class=\"item__thumb-content\"><p class=\"fw-bold has-medium-font-size\">Sten Weidebaum<\/p><p class=\"is-modal__btn\">Read more<\/p><\/div><\/div><\/button><\/div><\/div>\n\n\n<h3 class=\"wp-block-heading wp-el\">Speakers from Latvia<\/h3>\n\n\n<div class=\"ama-block block-people\"><div class=\"block__body\"><button class=\"person-item\" type=\"button\" data-bs-toggle=\"modal\" data-bs-target=\"#dagmara-barbale\"><div class=\"item__thumb d-block position-relative\"><img loading=\"lazy\" decoding=\"async\" width=\"540\" height=\"700\" src=\"https:\/\/2025.laulupidu.ee\/wp-content\/uploads\/2024\/10\/Dagmara-Barbale-e1733081354433-540x700.jpg\" class=\"attachment-img-540x700 size-img-540x700\" alt=\"\" \/><div class=\"item__thumb-content\"><p class=\"fw-bold has-medium-font-size\">Dagm\u0101ra B\u0101rbale<\/p><p class=\"is-modal__btn\">Read more<\/p><\/div><\/div><\/button><button class=\"person-item\" type=\"button\" data-bs-toggle=\"modal\" data-bs-target=\"#art-d-janis-purvins\"><div class=\"item__thumb d-block position-relative\"><img loading=\"lazy\" decoding=\"async\" width=\"540\" height=\"700\" src=\"https:\/\/2025.laulupidu.ee\/wp-content\/uploads\/2024\/10\/Janis-Purvins-e1733081626521-540x700.jpg\" class=\"attachment-img-540x700 size-img-540x700\" alt=\"\" \/><div class=\"item__thumb-content\"><p class=\"fw-bold has-medium-font-size\">Art. D. J\u0101nis Purvi\u0146\u0161<\/p><p class=\"is-modal__btn\">Read more<\/p><\/div><\/div><\/button><button class=\"person-item\" type=\"button\" data-bs-toggle=\"modal\" data-bs-target=\"#janis-baltins\"><div class=\"item__thumb d-block position-relative\"><img loading=\"lazy\" decoding=\"async\" width=\"540\" height=\"700\" src=\"https:\/\/2025.laulupidu.ee\/wp-content\/uploads\/2024\/10\/Janis-Baltins-540x700.jpg\" class=\"attachment-img-540x700 size-img-540x700\" alt=\"\" \/><div class=\"item__thumb-content\"><p class=\"fw-bold has-medium-font-size\">J\u0101nis Balti\u0146\u0161<\/p><p class=\"is-modal__btn\">Read more<\/p><\/div><\/div><\/button><button class=\"person-item\" type=\"button\" data-bs-toggle=\"modal\" data-bs-target=\"#aira-birzina\"><div class=\"item__thumb d-block position-relative\"><img loading=\"lazy\" decoding=\"async\" width=\"540\" height=\"700\" src=\"https:\/\/2025.laulupidu.ee\/wp-content\/uploads\/2024\/10\/Aira-Birzina-540x700.jpg\" class=\"attachment-img-540x700 size-img-540x700\" alt=\"\" \/><div class=\"item__thumb-content\"><p class=\"fw-bold has-medium-font-size\">Aira Birzi\u0146a<\/p><p class=\"is-modal__btn\">Read more<\/p><\/div><\/div><\/button><button class=\"person-item\" type=\"button\" data-bs-toggle=\"modal\" data-bs-target=\"#ints-teterovskis\"><div class=\"item__thumb d-block position-relative\"><img loading=\"lazy\" decoding=\"async\" width=\"540\" height=\"700\" src=\"https:\/\/2025.laulupidu.ee\/wp-content\/uploads\/2024\/10\/Ints-Teterovskis-e1733082404642-540x700.jpg\" class=\"attachment-img-540x700 size-img-540x700\" alt=\"\" \/><div class=\"item__thumb-content\"><p class=\"fw-bold has-medium-font-size\">Ints Teterovskis<\/p><p class=\"is-modal__btn\">Read more<\/p><\/div><\/div><\/button><button class=\"person-item\" type=\"button\" data-bs-toggle=\"modal\" data-bs-target=\"#anda-lake\"><div class=\"item__thumb d-block position-relative\"><img loading=\"lazy\" decoding=\"async\" width=\"540\" height=\"700\" src=\"https:\/\/2025.laulupidu.ee\/wp-content\/uploads\/2024\/10\/Anda-Lake-e1733082987223-540x700.jpg\" class=\"attachment-img-540x700 size-img-540x700\" alt=\"\" \/><div class=\"item__thumb-content\"><p class=\"fw-bold has-medium-font-size\">Anda La\u0137e<\/p><p class=\"is-modal__btn\">Read more<\/p><\/div><\/div><\/button><button class=\"person-item\" type=\"button\" data-bs-toggle=\"modal\" data-bs-target=\"#jurgis-spulenieks\"><div class=\"item__thumb d-block position-relative\"><img loading=\"lazy\" decoding=\"async\" width=\"540\" height=\"700\" src=\"https:\/\/2025.laulupidu.ee\/wp-content\/uploads\/2024\/10\/Jurgis-Spulenieks-photo-540x700.jpg\" class=\"attachment-img-540x700 size-img-540x700\" alt=\"\" \/><div class=\"item__thumb-content\"><p class=\"fw-bold has-medium-font-size\">Jur\u0123is Spulenieks<\/p><p class=\"is-modal__btn\">Read more<\/p><\/div><\/div><\/button><button class=\"person-item\" type=\"button\" data-bs-toggle=\"modal\" data-bs-target=\"#zanda-murniece\"><div class=\"item__thumb d-block position-relative\"><img loading=\"lazy\" decoding=\"async\" width=\"540\" height=\"700\" src=\"https:\/\/2025.laulupidu.ee\/wp-content\/uploads\/2024\/10\/Zanda-Murniece-540x700.jpg\" class=\"attachment-img-540x700 size-img-540x700\" alt=\"\" \/><div class=\"item__thumb-content\"><p class=\"fw-bold has-medium-font-size\">Zanda M\u016brniece<\/p><p class=\"is-modal__btn\">Read more<\/p><\/div><\/div><\/button><button class=\"person-item\" type=\"button\" data-bs-toggle=\"modal\" data-bs-target=\"#lauris-goss\"><div class=\"item__thumb d-block position-relative\"><img loading=\"lazy\" decoding=\"async\" width=\"540\" height=\"700\" src=\"https:\/\/2025.laulupidu.ee\/wp-content\/uploads\/2024\/10\/Lauris-Goss-540x700.jpg\" class=\"attachment-img-540x700 size-img-540x700\" alt=\"\" \/><div class=\"item__thumb-content\"><p class=\"fw-bold has-medium-font-size\">Lauris Goss<\/p><p class=\"is-modal__btn\">Read more<\/p><\/div><\/div><\/button><div class=\"person-item\"><div class=\"item__thumb d-block position-relative\"><a href=\"https:\/\/2025.laulupidu.ee\/wp-content\/uploads\/2024\/10\/Agra-Berzina-933x1400.jpg\"><img loading=\"lazy\" decoding=\"async\" width=\"540\" height=\"700\" src=\"https:\/\/2025.laulupidu.ee\/wp-content\/uploads\/2024\/10\/Agra-Berzina-540x700.jpg\" class=\"attachment-img-540x700 size-img-540x700\" alt=\"\" \/><\/a><div class=\"item__thumb-content\"><p class=\"fw-bold has-medium-font-size\">Agra B\u0113rzi\u0146a<\/p><p>Head of the Department of Cooperation Support at the National Centre for Education<\/p><\/div><\/div><\/div><button class=\"person-item\" type=\"button\" data-bs-toggle=\"modal\" data-bs-target=\"#andis-groza\"><div class=\"item__thumb d-block position-relative\"><img loading=\"lazy\" decoding=\"async\" width=\"540\" height=\"700\" src=\"https:\/\/2025.laulupidu.ee\/wp-content\/uploads\/2024\/10\/Andis-Groza-540x700.jpg\" class=\"attachment-img-540x700 size-img-540x700\" alt=\"\" \/><div class=\"item__thumb-content\"><p class=\"fw-bold has-medium-font-size\">Andis Groza<\/p><p class=\"is-modal__btn\">Read more<\/p><\/div><\/div><\/button><button class=\"person-item\" type=\"button\" data-bs-toggle=\"modal\" data-bs-target=\"#sarmite-pavulena\"><div class=\"item__thumb d-block position-relative\"><img loading=\"lazy\" decoding=\"async\" width=\"540\" height=\"700\" src=\"https:\/\/2025.laulupidu.ee\/wp-content\/uploads\/2024\/10\/Sarmite-Pavulena-540x700.jpg\" class=\"attachment-img-540x700 size-img-540x700\" alt=\"\" \/><div class=\"item__thumb-content\"><p class=\"fw-bold has-medium-font-size\">Sarm\u012bte P\u0101vul\u0113na<\/p><p class=\"is-modal__btn\">Read more<\/p><\/div><\/div><\/button><button class=\"person-item\" type=\"button\" data-bs-toggle=\"modal\" data-bs-target=\"#signe-pujate\"><div class=\"item__thumb d-block position-relative\"><img loading=\"lazy\" decoding=\"async\" width=\"540\" height=\"700\" src=\"https:\/\/2025.laulupidu.ee\/wp-content\/uploads\/2024\/10\/Signe-Pujate-540x700.jpg\" class=\"attachment-img-540x700 size-img-540x700\" alt=\"\" \/><div class=\"item__thumb-content\"><p class=\"fw-bold has-medium-font-size\">Signe Puj\u0101te<\/p><p class=\"is-modal__btn\">Read more<\/p><\/div><\/div><\/button><\/div><\/div>\n\n\n<h3 class=\"wp-block-heading wp-el\">Speakers from Lithuania<\/h3>\n\n\n<div class=\"ama-block block-people\"><div class=\"block__body\"><button class=\"person-item\" type=\"button\" data-bs-toggle=\"modal\" data-bs-target=\"#zivile-adomaitiene\"><div class=\"item__thumb d-block position-relative\"><img loading=\"lazy\" decoding=\"async\" width=\"540\" height=\"700\" src=\"https:\/\/2025.laulupidu.ee\/wp-content\/uploads\/2024\/10\/Zivile-Adomaitiene1-540x700.jpg\" class=\"attachment-img-540x700 size-img-540x700\" alt=\"\" \/><div class=\"item__thumb-content\"><p class=\"fw-bold has-medium-font-size\">\u017divil\u0117 Adomaitien\u0117<\/p><p class=\"is-modal__btn\">Read more<\/p><\/div><\/div><\/button><button class=\"person-item\" type=\"button\" data-bs-toggle=\"modal\" data-bs-target=\"#jolanta-tendiene\"><div class=\"item__thumb d-block position-relative\"><img loading=\"lazy\" decoding=\"async\" width=\"540\" height=\"700\" src=\"https:\/\/2025.laulupidu.ee\/wp-content\/uploads\/2024\/10\/Jolanta-Tendiene-540x700.jpg\" class=\"attachment-img-540x700 size-img-540x700\" alt=\"\" \/><div class=\"item__thumb-content\"><p class=\"fw-bold has-medium-font-size\">Jolanta Tendien\u0117<\/p><p class=\"is-modal__btn\">Read more<\/p><\/div><\/div><\/button><button class=\"person-item\" type=\"button\" data-bs-toggle=\"modal\" data-bs-target=\"#saulius-liausa\"><div class=\"item__thumb d-block position-relative\"><img loading=\"lazy\" decoding=\"async\" width=\"540\" height=\"700\" src=\"https:\/\/2025.laulupidu.ee\/wp-content\/uploads\/2024\/10\/Saulius-Liausa-1-540x700.jpg\" class=\"attachment-img-540x700 size-img-540x700\" alt=\"\" \/><div class=\"item__thumb-content\"><p class=\"fw-bold has-medium-font-size\">Saulius Liausa<\/p><p class=\"is-modal__btn\">Read more<\/p><\/div><\/div><\/button><button class=\"person-item\" type=\"button\" data-bs-toggle=\"modal\" data-bs-target=\"#valerija-skapiene\"><div class=\"item__thumb d-block position-relative\"><img loading=\"lazy\" decoding=\"async\" width=\"540\" height=\"700\" src=\"https:\/\/2025.laulupidu.ee\/wp-content\/uploads\/2024\/10\/Valerija-Skapiene-540x700.jpg\" class=\"attachment-img-540x700 size-img-540x700\" alt=\"\" \/><div class=\"item__thumb-content\"><p class=\"fw-bold has-medium-font-size\">Valerija Skapien\u0117<\/p><p class=\"is-modal__btn\">Read more<\/p><\/div><\/div><\/button><button class=\"person-item\" type=\"button\" data-bs-toggle=\"modal\" data-bs-target=\"#dr-linas-balandis\"><div class=\"item__thumb d-block position-relative\"><img loading=\"lazy\" decoding=\"async\" width=\"540\" height=\"700\" src=\"https:\/\/2025.laulupidu.ee\/wp-content\/uploads\/2024\/10\/Linas-Balandis-540x700.jpg\" class=\"attachment-img-540x700 size-img-540x700\" alt=\"\" \/><div class=\"item__thumb-content\"><p class=\"fw-bold has-medium-font-size\">Dr. Linas Balandis<\/p><p class=\"is-modal__btn\">Read more<\/p><\/div><\/div><\/button><button class=\"person-item\" type=\"button\" data-bs-toggle=\"modal\" data-bs-target=\"#ieva-krivickaite\"><div class=\"item__thumb d-block position-relative\"><img loading=\"lazy\" decoding=\"async\" width=\"540\" height=\"700\" src=\"https:\/\/2025.laulupidu.ee\/wp-content\/uploads\/2024\/10\/Ieva-Krivickaite-540x700.jpg\" class=\"attachment-img-540x700 size-img-540x700\" alt=\"\" \/><div class=\"item__thumb-content\"><p class=\"fw-bold has-medium-font-size\">Ieva Krivickait\u0117<\/p><p class=\"is-modal__btn\">Read more<\/p><\/div><\/div><\/button><\/div><\/div>","protected":false},"excerpt":{"rendered":"<p>Speakers from Estonia Speakers from Latvia Speakers from Lithuania<\/p>\n","protected":false},"author":1,"featured_media":0,"parent":85576,"menu_order":5,"comment_status":"closed","ping_status":"closed","template":"","meta":{"_acf_changed":false,"inline_featured_image":false,"advgb_blocks_editor_width":"","advgb_blocks_columns_visual_guide":"","footnotes":"","_links_to":"","_links_to_target":""},"class_list":["post-85812","page","type-page","status-publish","hentry"],"acf":[],"coauthors":[],"author_meta":{"author_link":"https:\/\/2025.laulupidu.ee\/en\/author\/admin\/","display_name":"admin"},"relative_dates":{"created":"Posted 1 year ago","modified":"Updated 1 year ago"},"absolute_dates":{"created":"Posted on 21. Oct 2024","modified":"Updated on 31. Oct 2024"},"absolute_dates_time":{"created":"Posted on 21. Oct 2024 01:18","modified":"Updated on 31. Oct 2024 07:42"},"featured_img_caption":"","featured_img":false,"series_order":"","_links":{"self":[{"href":"https:\/\/2025.laulupidu.ee\/en\/wp-json\/wp\/v2\/pages\/85812","targetHints":{"allow":["GET"]}}],"collection":[{"href":"https:\/\/2025.laulupidu.ee\/en\/wp-json\/wp\/v2\/pages"}],"about":[{"href":"https:\/\/2025.laulupidu.ee\/en\/wp-json\/wp\/v2\/types\/page"}],"author":[{"embeddable":true,"href":"https:\/\/2025.laulupidu.ee\/en\/wp-json\/wp\/v2\/users\/1"}],"replies":[{"embeddable":true,"href":"https:\/\/2025.laulupidu.ee\/en\/wp-json\/wp\/v2\/comments?post=85812"}],"version-history":[{"count":3,"href":"https:\/\/2025.laulupidu.ee\/en\/wp-json\/wp\/v2\/pages\/85812\/revisions"}],"predecessor-version":[{"id":85956,"href":"https:\/\/2025.laulupidu.ee\/en\/wp-json\/wp\/v2\/pages\/85812\/revisions\/85956"}],"up":[{"embeddable":true,"href":"https:\/\/2025.laulupidu.ee\/en\/wp-json\/wp\/v2\/pages\/85576"}],"wp:attachment":[{"href":"https:\/\/2025.laulupidu.ee\/en\/wp-json\/wp\/v2\/media?parent=85812"}],"curies":[{"name":"wp","href":"https:\/\/api.w.org\/{rel}","templated":true}]}}