{"id":84196,"date":"2023-12-21T08:03:29","date_gmt":"2023-12-21T08:03:29","guid":{"rendered":"https:\/\/2025.laulupidu.ee\/?page_id=84196"},"modified":"2025-05-22T06:29:41","modified_gmt":"2025-05-22T06:29:41","slug":"%d0%bf%d1%80%d0%b0%d0%b7%d0%b4%d0%bd%d0%b8%d0%ba-%d0%bf%d0%b5%d1%81%d0%bd%d0%b8","status":"publish","type":"page","link":"https:\/\/2025.laulupidu.ee\/ru\/%d0%bf%d1%80%d0%b0%d0%b7%d0%b4%d0%bd%d0%b8%d0%ba-%d0%bf%d0%b5%d1%81%d0%bd%d0%b8\/","title":{"rendered":"\u041f\u0440\u0430\u0437\u0434\u043d\u0438\u043a \u043f\u0435\u0441\u043d\u0438"},"content":{"rendered":"<div class=\"ama-block block-txtmedia\"><div class=\"block-txtmedia__content\" data-animate=\"T_FADE_RIGHT\"><div class=\"acf-innerblocks-container\">\n\n<p class=\"has-semi-large-font-size wp-el\"><em>Me loome ise oma elu ja \u00f5nne.<br>Me r\u00e4\u00e4gime ise oma keelt.<br>Me laulame ise oma h\u00e4\u00e4lega omi laule.<br>Me p\u00fchitseme iseoma laulupidu.<br>Et kasvada oma rahvaga.<br>Et armastada iseoma Eestit.<\/em><\/p>\n\n<\/div><\/div><div class=\"block-txtmedia__media\" data-animate=\"T_FADE_LEFT\"><div class=\"splide\" data-splide={\"type\":\"fade\",\"pagination\":false}><div class=\"splide__track\"><ul class=\"splide__list\"><li class=\"splide__slide\"><a href=\"https:\/\/2025.laulupidu.ee\/wp-content\/uploads\/2024\/01\/Sven-zacek-20191.jpeg\" data-fancybox=\"txtmedia-block_a58a624756d01d1e7331613171c9602f\"><img loading=\"lazy\" decoding=\"async\" src=\"https:\/\/2025.laulupidu.ee\/wp-content\/uploads\/2024\/01\/Sven-zacek-20191-685x560.jpeg\" width=\"685\" height=\"560\"><\/a><\/li><\/ul><\/div><div class=\"splide__arrows d-none\"><button class=\"splide__arrow splide__arrow--prev\"><svg xmlns=\"http:\/\/www.w3.org\/2000\/svg\" width=\"10\" height=\"11.547\" viewBox=\"0 0 10 11.547\"><path d=\"M306.564,258.225l-10,5.773,10,5.773Z\" transform=\"translate(-296.564 -258.225)\" fill=\"currentColor\"\/><\/svg><\/button><button class=\"splide__arrow splide__arrow--next\"><svg xmlns=\"http:\/\/www.w3.org\/2000\/svg\" width=\"10\" height=\"11.547\" viewBox=\"0 0 10 11.547\"><path d=\"M296.564,258.225l10,5.773-10,5.773Z\" transform=\"translate(-296.563 -258.225)\" fill=\"currentColor\"\/><\/svg><\/button><\/div><\/div><\/div><\/div>\n\n\n<p class=\"wp-el\">\u0412 \u044d\u0442\u043e\u0442 \u0440\u0430\u0437 \u043a\u043e\u043d\u0446\u0435\u043f\u0446\u0438\u044f \u043f\u0440\u0430\u0437\u0434\u043d\u0438\u043a\u0430 \u043f\u0435\u0441\u043d\u0438 \u043e\u0441\u043d\u043e\u0432\u044b\u0432\u0430\u0435\u0442\u0441\u044f \u043d\u0430 \u0442\u0440\u0435\u0445 \u0433\u043b\u0430\u0432\u043d\u044b\u0445 \u043f\u043e\u043d\u044f\u0442\u0438\u044f\u0445 \u2013 \u0434\u0438\u0430\u043b\u0435\u043a\u0442\u044b, \u0438\u0437\u043c\u0435\u043d\u0435\u043d\u0438\u0435 \u0438 \u0432\u0440\u0435\u043c\u044f. \u0420\u0435\u043f\u0435\u0440\u0442\u0443\u0430\u0440 \u043f\u0440\u0430\u0437\u0434\u043d\u0438\u043a\u0430 \u043f\u0435\u0441\u043d\u0438 \u0441\u043e\u0441\u0442\u0430\u0432\u043b\u0435\u043d \u0442\u0430\u043a\u0438\u043c \u043e\u0431\u0440\u0430\u0437\u043e\u043c, \u0447\u0442\u043e\u0431\u044b \u0431\u044b\u043b\u0438 \u043f\u0440\u0435\u0434\u0441\u0442\u0430\u0432\u043b\u0435\u043d\u044b \u0434\u0438\u0430\u043b\u0435\u043a\u0442\u044b \u0432\u0441\u0435\u0445 \u0440\u0435\u0433\u0438\u043e\u043d\u043e\u0432. \u041f\u0435\u0441\u043d\u0438, \u043f\u0440\u0435\u0434\u0441\u0442\u0430\u0432\u043b\u0435\u043d\u043d\u044b\u0435 \u0432 \u043f\u0440\u043e\u0433\u0440\u0430\u043c\u043c\u0435 \u0432\u0442\u043e\u0440\u043e\u0433\u043e \u0434\u043d\u044f \u043f\u0440\u0430\u0437\u0434\u043d\u0438\u043a\u0430, \u0431\u0443\u0434\u0443\u0442 \u0440\u0430\u0441\u0441\u043a\u0430\u0437\u044b\u0432\u0430\u0442\u044c \u043e \u0441\u0438\u043b\u0435 \u0438 \u043c\u043e\u0433\u0443\u0449\u0435\u0441\u0442\u0432\u0435 \u043f\u0435\u043d\u0438\u044f. \u0412 \u0440\u0435\u043f\u0435\u0440\u0442\u0443\u0430\u0440\u0435 \u043a\u0430\u0436\u0434\u044b\u0439 \u0433\u0440\u0443\u043f\u043f\u044b \u043c\u043e\u0436\u043d\u043e \u0431\u0443\u0434\u0435\u0442 \u0442\u0430\u043a\u0436\u0435 \u043d\u0430\u0439\u0442\u0438 \u043f\u0440\u043e\u0438\u0437\u0432\u0435\u0434\u0435\u043d\u0438\u044f, \u043a\u043e\u0442\u043e\u0440\u044b\u0435 \u043e\u0442\u043d\u043e\u0441\u044f\u0442\u0441\u044f \u043a \u0442\u0435\u043c\u0430\u043c \u0434\u0438\u0430\u043b\u0435\u043a\u0442\u0430, \u0438\u0437\u043c\u0435\u043d\u0435\u043d\u0438\u0439 \u0438\u043b\u0438 \u0432\u0440\u0435\u043c\u0435\u043d\u0438, \u0438 \u0433\u0434\u0435 \u043e\u0431\u044f\u0437\u0430\u0442\u0435\u043b\u044c\u043d\u043e \u0431\u0443\u0434\u0435\u0442 \u043f\u0440\u0438\u0441\u0443\u0442\u0441\u0442\u0432\u043e\u0432\u0430\u0442\u044c \u043f\u0440\u043e\u0438\u0437\u0432\u0435\u0434\u0435\u043d\u0438\u0435 \u043d\u0430 \u043a\u0430\u043a\u043e\u043c-\u043b\u0438\u0431\u043e \u0434\u0438\u0430\u043b\u0435\u043a\u0442\u0435. \u041d\u0430 \u0441\u0446\u0435\u043d\u0435 \u0431\u0443\u0434\u0443\u0442 \u043f\u0440\u0435\u0434\u0441\u0442\u0430\u0432\u043b\u0435\u043d\u044b \u0432\u0441\u0435 \u0432\u0438\u0434\u044b \u0445\u043e\u0440\u043e\u0432, \u043d\u0430\u0447\u0438\u043d\u0430\u044f \u043e\u0442 \u0445\u043e\u0440\u043e\u0432 \u043c\u0430\u043b\u044b\u0448\u0435\u0439 \u0438 \u0437\u0430\u043a\u0430\u043d\u0447\u0438\u0432\u0430\u044f \u0441\u043c\u0435\u0448\u0430\u043d\u043d\u044b\u043c\u0438 \u0445\u043e\u0440\u0430\u043c\u0438. \u0422\u0430\u043a\u0436\u0435 \u0431\u0443\u0434\u0443\u0442 \u043f\u0440\u0435\u0434\u0441\u0442\u0430\u0432\u043b\u0435\u043d\u044b \u0441\u0438\u043c\u0444\u043e\u043d\u0438\u0447\u0435\u0441\u043a\u0438\u0435 \u0438 \u0434\u0443\u0445\u043e\u0432\u044b\u0435 \u043e\u0440\u043a\u0435\u0441\u0442\u0440\u044b.<\/p>\n\n\n\n<p class=\"wp-el\">XXVIII \u041f\u0440\u0430\u0437\u0434\u043d\u0438\u043a \u043f\u0435\u0441\u043d\u0438 \u0438 XXI \u041f\u0440\u0430\u0437\u0434\u043d\u0438\u043a \u0442\u0430\u043d\u0446\u0430 \u043f\u0440\u043e\u0439\u0434\u0435\u0442 3 \u2013 6 \u0438\u044e\u043b\u044f 2025 \u0433\u043e\u0434\u0430 \u0432 \u0422\u0430\u043b\u043b\u0438\u043d\u043d\u0435. \u0425\u0443\u0434\u043e\u0436\u0435\u0441\u0442\u0432\u0435\u043d\u043d\u044b\u0439 \u0440\u0443\u043a\u043e\u0432\u043e\u0434\u0438\u0442\u0435\u043b\u044c \u043f\u0440\u0430\u0437\u0434\u043d\u0438\u043a\u0430 \u043f\u0435\u0441\u043d\u0438 \u0425\u0435\u043b\u0438 \u042e\u0440\u0433\u0435\u043d\u0441\u043e\u043d.<\/p>\n\n\n\n<hr class=\"wp-block-separator has-alpha-channel-opacity\"\/>\n\n\n<div class=\"ama-block block-boxed-menu\"><div class=\"block__body\" data-cols=\"2\"><div class=\"d-flex\"><div class=\"d-flex__item\"><div class=\"is-primary is-boxed-item\"><p class=\"is-label\"><h3>\u0412\u044b\u0441\u0442\u0443\u043f\u0430\u044e\u0449\u0438\u043c \u043d\u0430 \u043f\u0440\u0430\u0437\u0434\u043d\u0438\u043a\u0435<\/h3><\/p><\/div><ul class=\"is-boxed-item\"><li><a href=\"https:\/\/2025.laulupidu.ee\/laulupidu\/xxviii-laulupeol-esineja-info\/\" class=\"is-subboxed-item\" target=\"_blank\"><p class=\"is-label\">\u041f\u043e\u0434\u0440\u043e\u0431\u043d\u0435\u0435 <\/p><\/a><\/li><\/ul><\/div><div class=\"d-flex__item\"><div class=\"is-primary is-boxed-item\"><p class=\"is-label\"><h3>\u041a\u043e\u043b\u043b\u0435\u043a\u0442\u0438\u0432\u0430\u043c \u0438\u0437 \u0434\u0440\u0443\u0433\u0438\u0445 \u0441\u0442\u0440\u0430\u043d<\/h3><\/p><\/div><ul class=\"is-boxed-item\"><li><a href=\"https:\/\/2025.laulupidu.ee\/laulupidu\/xxviii-laulupeo-info-valiskollektiividele\/\" class=\"is-subboxed-item\" target=\"_blank\"><p class=\"is-label\">\u041f\u043e\u0434\u0440\u043e\u0431\u043d\u0435\u0435 <\/p><\/a><\/li><\/ul><\/div><\/div><\/div><\/div>\n\n\n<hr class=\"wp-block-separator has-alpha-channel-opacity\"\/>\n\n\n\n<h2 class=\"wp-block-heading wp-el\" id=\"mudilaskoorid\">Mudilaskoorid<\/h2>\n\n\n<div class=\"ama-block block-people\"><div class=\"block__body\"><div class=\"person-item\"><div class=\"item__thumb d-block position-relative\"><a href=\"https:\/\/2025.laulupidu.ee\/wp-content\/uploads\/2025\/04\/Jaanika_Kuusik-1050x1400.jpg\"><img loading=\"lazy\" decoding=\"async\" width=\"540\" height=\"700\" src=\"https:\/\/2025.laulupidu.ee\/wp-content\/uploads\/2025\/04\/Jaanika_Kuusik-540x700.jpg\" class=\"attachment-img-540x700 size-img-540x700\" alt=\"\" \/><\/a><div class=\"item__thumb-content\"><p class=\"fw-bold has-medium-font-size\">Jaanika Kuusik<\/p><p>liigijuht<\/p><\/div><\/div><\/div><div class=\"person-item\"><div class=\"item__thumb d-block position-relative\"><a href=\"https:\/\/2025.laulupidu.ee\/wp-content\/uploads\/2025\/04\/Ilona_Muhel-1050x1400.jpg\"><img loading=\"lazy\" decoding=\"async\" width=\"540\" height=\"700\" src=\"https:\/\/2025.laulupidu.ee\/wp-content\/uploads\/2025\/04\/Ilona_Muhel-540x700.jpg\" class=\"attachment-img-540x700 size-img-540x700\" alt=\"\" \/><\/a><div class=\"item__thumb-content\"><p class=\"fw-bold has-medium-font-size\">Ilona Muhel<\/p><p>dirigent<\/p><\/div><\/div><\/div><div class=\"person-item\"><div class=\"item__thumb d-block position-relative\"><a href=\"https:\/\/2025.laulupidu.ee\/wp-content\/uploads\/2025\/04\/Raili_Kaibald-1050x1400.jpg\"><img loading=\"lazy\" decoding=\"async\" width=\"540\" height=\"700\" src=\"https:\/\/2025.laulupidu.ee\/wp-content\/uploads\/2025\/04\/Raili_Kaibald-540x700.jpg\" class=\"attachment-img-540x700 size-img-540x700\" alt=\"\" \/><\/a><div class=\"item__thumb-content\"><p class=\"fw-bold has-medium-font-size\">Raili Kaibald<\/p><p>dirigent<\/p><\/div><\/div><\/div><div class=\"person-item\"><div class=\"item__thumb d-block position-relative\"><a href=\"https:\/\/2025.laulupidu.ee\/wp-content\/uploads\/2025\/04\/Vilve_Maide-1050x1400.jpg\"><img loading=\"lazy\" decoding=\"async\" width=\"540\" height=\"700\" src=\"https:\/\/2025.laulupidu.ee\/wp-content\/uploads\/2025\/04\/Vilve_Maide-540x700.jpg\" class=\"attachment-img-540x700 size-img-540x700\" alt=\"\" \/><\/a><div class=\"item__thumb-content\"><p class=\"fw-bold has-medium-font-size\">Vilve Maide<\/p><p>dirigent<\/p><\/div><\/div><\/div><\/div><\/div>\n\n\n<h2 class=\"wp-block-heading wp-el\" id=\"lastekoorid\">Lastekoorid<\/h2>\n\n\n<div class=\"ama-block block-people\"><div class=\"block__body\"><div class=\"person-item\"><div class=\"item__thumb d-block position-relative\"><a href=\"https:\/\/2025.laulupidu.ee\/wp-content\/uploads\/2025\/04\/Silja_Uhs-1050x1400.jpg\"><img loading=\"lazy\" decoding=\"async\" width=\"540\" height=\"700\" src=\"https:\/\/2025.laulupidu.ee\/wp-content\/uploads\/2025\/04\/Silja_Uhs-540x700.jpg\" class=\"attachment-img-540x700 size-img-540x700\" alt=\"\" \/><\/a><div class=\"item__thumb-content\"><p class=\"fw-bold has-medium-font-size\">Silja Uhs<\/p><p>liigijuht<\/p><\/div><\/div><\/div><div class=\"person-item\"><div class=\"item__thumb d-block position-relative\"><a href=\"https:\/\/2025.laulupidu.ee\/wp-content\/uploads\/2025\/04\/Aarne_Saluveer-1050x1400.jpg\"><img loading=\"lazy\" decoding=\"async\" width=\"540\" height=\"700\" src=\"https:\/\/2025.laulupidu.ee\/wp-content\/uploads\/2025\/04\/Aarne_Saluveer-540x700.jpg\" class=\"attachment-img-540x700 size-img-540x700\" alt=\"\" \/><\/a><div class=\"item__thumb-content\"><p class=\"fw-bold has-medium-font-size\">Aarne Saluveer<\/p><p>dirigent<\/p><\/div><\/div><\/div><div class=\"person-item\"><div class=\"item__thumb d-block position-relative\"><a href=\"https:\/\/2025.laulupidu.ee\/wp-content\/uploads\/2025\/04\/Kadi_Harma-1050x1400.jpg\"><img loading=\"lazy\" decoding=\"async\" width=\"540\" height=\"700\" src=\"https:\/\/2025.laulupidu.ee\/wp-content\/uploads\/2025\/04\/Kadi_Harma-540x700.jpg\" class=\"attachment-img-540x700 size-img-540x700\" alt=\"\" \/><\/a><div class=\"item__thumb-content\"><p class=\"fw-bold has-medium-font-size\">Kadi H\u00e4rma<\/p><p>dirigent<\/p><\/div><\/div><\/div><div class=\"person-item\"><div class=\"item__thumb d-block position-relative\"><a href=\"https:\/\/2025.laulupidu.ee\/wp-content\/uploads\/2025\/04\/Mai_Simson-1050x1400.jpg\"><img loading=\"lazy\" decoding=\"async\" width=\"540\" height=\"700\" src=\"https:\/\/2025.laulupidu.ee\/wp-content\/uploads\/2025\/04\/Mai_Simson-540x700.jpg\" class=\"attachment-img-540x700 size-img-540x700\" alt=\"\" \/><\/a><div class=\"item__thumb-content\"><p class=\"fw-bold has-medium-font-size\">Mai Simson<\/p><p>dirigent<\/p><\/div><\/div><\/div><\/div><\/div>\n\n\n<h2 class=\"wp-block-heading wp-el\" id=\"poistekoorid\">Poistekoorid<\/h2>\n\n\n<div class=\"ama-block block-people\"><div class=\"block__body\"><div class=\"person-item\"><div class=\"item__thumb d-block position-relative\"><a href=\"https:\/\/2025.laulupidu.ee\/wp-content\/uploads\/2025\/04\/Janne_Fridolin-1050x1400.jpg\"><img loading=\"lazy\" decoding=\"async\" width=\"540\" height=\"700\" src=\"https:\/\/2025.laulupidu.ee\/wp-content\/uploads\/2025\/04\/Janne_Fridolin-540x700.jpg\" class=\"attachment-img-540x700 size-img-540x700\" alt=\"\" \/><\/a><div class=\"item__thumb-content\"><p class=\"fw-bold has-medium-font-size\">Janne Fridolin<\/p><p>liigijuht<\/p><\/div><\/div><\/div><div class=\"person-item\"><div class=\"item__thumb d-block position-relative\"><a href=\"https:\/\/2025.laulupidu.ee\/wp-content\/uploads\/2025\/04\/Kuldar_Schuts-1050x1400.jpg\"><img loading=\"lazy\" decoding=\"async\" width=\"540\" height=\"700\" src=\"https:\/\/2025.laulupidu.ee\/wp-content\/uploads\/2025\/04\/Kuldar_Schuts-540x700.jpg\" class=\"attachment-img-540x700 size-img-540x700\" alt=\"\" \/><\/a><div class=\"item__thumb-content\"><p class=\"fw-bold has-medium-font-size\">Kuldar Sch\u00fcts<\/p><p>dirigent<\/p><\/div><\/div><\/div><div class=\"person-item\"><div class=\"item__thumb d-block position-relative\"><a href=\"https:\/\/2025.laulupidu.ee\/wp-content\/uploads\/2025\/04\/Mariliis_Kreintaal-1050x1400.jpg\"><img loading=\"lazy\" decoding=\"async\" width=\"540\" height=\"700\" src=\"https:\/\/2025.laulupidu.ee\/wp-content\/uploads\/2025\/04\/Mariliis_Kreintaal-540x700.jpg\" class=\"attachment-img-540x700 size-img-540x700\" alt=\"\" \/><\/a><div class=\"item__thumb-content\"><p class=\"fw-bold has-medium-font-size\">Mariliis Kreintaal<\/p><p>dirigent<\/p><\/div><\/div><\/div><\/div><\/div>\n\n\n<h2 class=\"wp-block-heading wp-el\" id=\"meeskoorid\">Meeskoorid<\/h2>\n\n\n<div class=\"ama-block block-people\"><div class=\"block__body\"><div class=\"person-item\"><div class=\"item__thumb d-block position-relative\"><a href=\"https:\/\/2025.laulupidu.ee\/wp-content\/uploads\/2025\/04\/Valter_Soosalu-1050x1400.jpg\"><img loading=\"lazy\" decoding=\"async\" width=\"540\" height=\"700\" src=\"https:\/\/2025.laulupidu.ee\/wp-content\/uploads\/2025\/04\/Valter_Soosalu-540x700.jpg\" class=\"attachment-img-540x700 size-img-540x700\" alt=\"\" \/><\/a><div class=\"item__thumb-content\"><p class=\"fw-bold has-medium-font-size\">Valter Soosalu<\/p><p>liigijuht<\/p><\/div><\/div><\/div><\/div><\/div>\n\n\n<h2 class=\"wp-block-heading wp-el\" id=\"naiskoorid\">Naiskoorid<\/h2>\n\n\n<div class=\"ama-block block-people\"><div class=\"block__body\"><div class=\"person-item\"><div class=\"item__thumb d-block position-relative\"><a href=\"https:\/\/2025.laulupidu.ee\/wp-content\/uploads\/2025\/04\/Kulli_Kiivet-1050x1400.jpg\"><img loading=\"lazy\" decoding=\"async\" width=\"540\" height=\"700\" src=\"https:\/\/2025.laulupidu.ee\/wp-content\/uploads\/2025\/04\/Kulli_Kiivet-540x700.jpg\" class=\"attachment-img-540x700 size-img-540x700\" alt=\"\" \/><\/a><div class=\"item__thumb-content\"><p class=\"fw-bold has-medium-font-size\">K\u00fclli Kiivet<\/p><p>liigijuht<\/p><\/div><\/div><\/div><div class=\"person-item\"><div class=\"item__thumb d-block position-relative\"><a href=\"https:\/\/2025.laulupidu.ee\/wp-content\/uploads\/2025\/04\/Andrus_Siimon-1050x1400.jpg\"><img loading=\"lazy\" decoding=\"async\" width=\"540\" height=\"700\" src=\"https:\/\/2025.laulupidu.ee\/wp-content\/uploads\/2025\/04\/Andrus_Siimon-540x700.jpg\" class=\"attachment-img-540x700 size-img-540x700\" alt=\"\" \/><\/a><div class=\"item__thumb-content\"><p class=\"fw-bold has-medium-font-size\">Andrus Siimon<\/p><p>dirigent<\/p><\/div><\/div><\/div><div class=\"person-item\"><div class=\"item__thumb d-block position-relative\"><a href=\"https:\/\/2025.laulupidu.ee\/wp-content\/uploads\/2025\/04\/Elen_Ilves-1050x1400.jpg\"><img loading=\"lazy\" decoding=\"async\" width=\"540\" height=\"700\" src=\"https:\/\/2025.laulupidu.ee\/wp-content\/uploads\/2025\/04\/Elen_Ilves-540x700.jpg\" class=\"attachment-img-540x700 size-img-540x700\" alt=\"\" \/><\/a><div class=\"item__thumb-content\"><p class=\"fw-bold has-medium-font-size\">Elen Ilves<\/p><p>dirigent<\/p><\/div><\/div><\/div><div class=\"person-item\"><div class=\"item__thumb d-block position-relative\"><a href=\"https:\/\/2025.laulupidu.ee\/wp-content\/uploads\/2025\/04\/Ode_Purg-1050x1400.jpg\"><img loading=\"lazy\" decoding=\"async\" width=\"540\" height=\"700\" src=\"https:\/\/2025.laulupidu.ee\/wp-content\/uploads\/2025\/04\/Ode_Purg-540x700.jpg\" class=\"attachment-img-540x700 size-img-540x700\" alt=\"\" \/><\/a><div class=\"item__thumb-content\"><p class=\"fw-bold has-medium-font-size\">Ode P\u00fcrg<\/p><p>dirigent<\/p><\/div><\/div><\/div><\/div><\/div>\n\n\n<h2 class=\"wp-block-heading wp-el\" id=\"segakoorid\">Segakoorid<\/h2>\n\n\n<div class=\"ama-block block-people\"><div class=\"block__body\"><div class=\"person-item\"><div class=\"item__thumb d-block position-relative\"><a href=\"https:\/\/2025.laulupidu.ee\/wp-content\/uploads\/2025\/04\/Triin_Koch-1050x1400.jpg\"><img loading=\"lazy\" decoding=\"async\" width=\"540\" height=\"700\" src=\"https:\/\/2025.laulupidu.ee\/wp-content\/uploads\/2025\/04\/Triin_Koch-540x700.jpg\" class=\"attachment-img-540x700 size-img-540x700\" alt=\"\" \/><\/a><div class=\"item__thumb-content\"><p class=\"fw-bold has-medium-font-size\">Triin Koch<\/p><p>liigijuht <\/p><\/div><\/div><\/div><div class=\"person-item\"><div class=\"item__thumb d-block position-relative\"><a href=\"https:\/\/2025.laulupidu.ee\/wp-content\/uploads\/2025\/04\/Karolin_Tuisk-1050x1400.jpg\"><img loading=\"lazy\" decoding=\"async\" width=\"540\" height=\"700\" src=\"https:\/\/2025.laulupidu.ee\/wp-content\/uploads\/2025\/04\/Karolin_Tuisk-540x700.jpg\" class=\"attachment-img-540x700 size-img-540x700\" alt=\"\" \/><\/a><div class=\"item__thumb-content\"><p class=\"fw-bold has-medium-font-size\">K\u00e4rolin Tuisk<\/p><p>dirigent<\/p><\/div><\/div><\/div><div class=\"person-item\"><div class=\"item__thumb d-block position-relative\"><a href=\"https:\/\/2025.laulupidu.ee\/wp-content\/uploads\/2025\/04\/Part_Uusberg-1050x1400.jpg\"><img loading=\"lazy\" decoding=\"async\" width=\"540\" height=\"700\" src=\"https:\/\/2025.laulupidu.ee\/wp-content\/uploads\/2025\/04\/Part_Uusberg-540x700.jpg\" class=\"attachment-img-540x700 size-img-540x700\" alt=\"\" \/><\/a><div class=\"item__thumb-content\"><p class=\"fw-bold has-medium-font-size\">P\u00e4rt Uusberg<\/p><p>dirigent<\/p><\/div><\/div><\/div><div class=\"person-item\"><div class=\"item__thumb d-block position-relative\"><a href=\"https:\/\/2025.laulupidu.ee\/wp-content\/uploads\/2025\/04\/Rasmus_Puur-1050x1400.jpg\"><img loading=\"lazy\" decoding=\"async\" width=\"540\" height=\"700\" src=\"https:\/\/2025.laulupidu.ee\/wp-content\/uploads\/2025\/04\/Rasmus_Puur-540x700.jpg\" class=\"attachment-img-540x700 size-img-540x700\" alt=\"\" \/><\/a><div class=\"item__thumb-content\"><p class=\"fw-bold has-medium-font-size\">Rasmus Puur<\/p><p>kunstilise juhi assistent ja dirigent<\/p><\/div><\/div><\/div><\/div><\/div>\n\n\n<h2 class=\"wp-block-heading wp-el\" id=\"puhkpilliorkestrid\">Puhkpilliorkestrid<\/h2>\n\n\n<div class=\"ama-block block-people\"><div class=\"block__body\"><div class=\"person-item\"><div class=\"item__thumb d-block position-relative\"><a href=\"https:\/\/2025.laulupidu.ee\/wp-content\/uploads\/2025\/04\/Bert_Langeler-1050x1400.jpg\"><img loading=\"lazy\" decoding=\"async\" width=\"540\" height=\"700\" src=\"https:\/\/2025.laulupidu.ee\/wp-content\/uploads\/2025\/04\/Bert_Langeler-540x700.jpg\" class=\"attachment-img-540x700 size-img-540x700\" alt=\"\" \/><\/a><div class=\"item__thumb-content\"><p class=\"fw-bold has-medium-font-size\">Bert Langeler<\/p><p>liigijuht <\/p><\/div><\/div><\/div><div class=\"person-item\"><div class=\"item__thumb d-block position-relative\"><a href=\"https:\/\/2025.laulupidu.ee\/wp-content\/uploads\/2025\/04\/Karl_Abro-1050x1400.jpg\"><img loading=\"lazy\" decoding=\"async\" width=\"540\" height=\"700\" src=\"https:\/\/2025.laulupidu.ee\/wp-content\/uploads\/2025\/04\/Karl_Abro-540x700.jpg\" class=\"attachment-img-540x700 size-img-540x700\" alt=\"\" \/><\/a><div class=\"item__thumb-content\"><p class=\"fw-bold has-medium-font-size\">Karl Abro<\/p><p>dirigent<\/p><\/div><\/div><\/div><div class=\"person-item\"><div class=\"item__thumb d-block position-relative\"><a href=\"https:\/\/2025.laulupidu.ee\/wp-content\/uploads\/2025\/04\/Peeter_Saan-1050x1400.jpg\"><img loading=\"lazy\" decoding=\"async\" width=\"540\" height=\"700\" src=\"https:\/\/2025.laulupidu.ee\/wp-content\/uploads\/2025\/04\/Peeter_Saan-540x700.jpg\" class=\"attachment-img-540x700 size-img-540x700\" alt=\"\" \/><\/a><div class=\"item__thumb-content\"><p class=\"fw-bold has-medium-font-size\">Peeter Saan<\/p><p>dirigent<\/p><\/div><\/div><\/div><div class=\"person-item\"><div class=\"item__thumb d-block position-relative\"><a href=\"https:\/\/2025.laulupidu.ee\/wp-content\/uploads\/2025\/04\/Priit_Rusalepp-1050x1400.jpg\"><img loading=\"lazy\" decoding=\"async\" width=\"540\" height=\"700\" src=\"https:\/\/2025.laulupidu.ee\/wp-content\/uploads\/2025\/04\/Priit_Rusalepp-540x700.jpg\" class=\"attachment-img-540x700 size-img-540x700\" alt=\"\" \/><\/a><div class=\"item__thumb-content\"><p class=\"fw-bold has-medium-font-size\">Priit Rusalepp<\/p><p>dirigent<\/p><\/div><\/div><\/div><\/div><\/div>\n\n\n<h2 class=\"wp-block-heading wp-el\" id=\"s\u00fcmfooniaorkester\">S\u00fcmfooniaorkester<\/h2>\n\n\n<div class=\"ama-block block-people\"><div class=\"block__body\"><div class=\"person-item\"><div class=\"item__thumb d-block position-relative\"><a href=\"https:\/\/2025.laulupidu.ee\/wp-content\/uploads\/2025\/04\/Riivo_Jogi-1050x1400.jpg\"><img loading=\"lazy\" decoding=\"async\" width=\"540\" height=\"700\" src=\"https:\/\/2025.laulupidu.ee\/wp-content\/uploads\/2025\/04\/Riivo_Jogi-540x700.jpg\" class=\"attachment-img-540x700 size-img-540x700\" alt=\"\" \/><\/a><div class=\"item__thumb-content\"><p class=\"fw-bold has-medium-font-size\">Riivo J\u00f5gi<\/p><p>liigijuht<\/p><\/div><\/div><\/div><div class=\"person-item\"><div class=\"item__thumb d-block position-relative\"><a href=\"https:\/\/2025.laulupidu.ee\/wp-content\/uploads\/2025\/04\/Imre_Rohuvali-1050x1400.jpg\"><img loading=\"lazy\" decoding=\"async\" width=\"540\" height=\"700\" src=\"https:\/\/2025.laulupidu.ee\/wp-content\/uploads\/2025\/04\/Imre_Rohuvali-540x700.jpg\" class=\"attachment-img-540x700 size-img-540x700\" alt=\"\" \/><\/a><div class=\"item__thumb-content\"><p class=\"fw-bold has-medium-font-size\">Imre Rohuv\u00e4li<\/p><p>dirigent<\/p><\/div><\/div><\/div><div class=\"person-item\"><div class=\"item__thumb d-block position-relative\"><a href=\"https:\/\/2025.laulupidu.ee\/wp-content\/uploads\/2025\/04\/Juri-Ruut_Kangur-1050x1400.jpg\"><img loading=\"lazy\" decoding=\"async\" width=\"540\" height=\"700\" src=\"https:\/\/2025.laulupidu.ee\/wp-content\/uploads\/2025\/04\/Juri-Ruut_Kangur-540x700.jpg\" class=\"attachment-img-540x700 size-img-540x700\" alt=\"\" \/><\/a><div class=\"item__thumb-content\"><p class=\"fw-bold has-medium-font-size\">J\u00fcri-Ruut Kangur<\/p><p>dirigent<\/p><\/div><\/div><\/div><div class=\"person-item\"><div class=\"item__thumb d-block position-relative\"><a href=\"https:\/\/2025.laulupidu.ee\/wp-content\/uploads\/2025\/04\/Ott_Kask-1050x1400.jpg\"><img loading=\"lazy\" decoding=\"async\" width=\"540\" height=\"700\" src=\"https:\/\/2025.laulupidu.ee\/wp-content\/uploads\/2025\/04\/Ott_Kask-540x700.jpg\" class=\"attachment-img-540x700 size-img-540x700\" alt=\"\" \/><\/a><div class=\"item__thumb-content\"><p class=\"fw-bold has-medium-font-size\">Ott Kask<\/p><p>dirigent<\/p><\/div><\/div><\/div><\/div><\/div>","protected":false},"excerpt":{"rendered":"<p>\u0412 \u044d\u0442\u043e\u0442 \u0440\u0430\u0437 \u043a\u043e\u043d\u0446\u0435\u043f\u0446\u0438\u044f \u043f\u0440\u0430\u0437\u0434\u043d\u0438\u043a\u0430 \u043f\u0435\u0441\u043d\u0438 \u043e\u0441\u043d\u043e\u0432\u044b\u0432\u0430\u0435\u0442\u0441\u044f \u043d\u0430 \u0442\u0440\u0435\u0445 \u0433\u043b\u0430\u0432\u043d\u044b\u0445 \u043f\u043e\u043d\u044f\u0442\u0438\u044f\u0445 \u2013 \u0434\u0438\u0430\u043b\u0435\u043a\u0442\u044b, \u0438\u0437\u043c\u0435\u043d\u0435\u043d\u0438\u0435 \u0438 \u0432\u0440\u0435\u043c\u044f. \u0420\u0435\u043f\u0435\u0440\u0442\u0443\u0430\u0440 \u043f\u0440\u0430\u0437\u0434\u043d\u0438\u043a\u0430 \u043f\u0435\u0441\u043d\u0438 \u0441\u043e\u0441\u0442\u0430\u0432\u043b\u0435\u043d \u0442\u0430\u043a\u0438\u043c \u043e\u0431\u0440\u0430\u0437\u043e\u043c, \u0447\u0442\u043e\u0431\u044b \u0431\u044b\u043b\u0438 \u043f\u0440\u0435\u0434\u0441\u0442\u0430\u0432\u043b\u0435\u043d\u044b \u0434\u0438\u0430\u043b\u0435\u043a\u0442\u044b \u0432\u0441\u0435\u0445 \u0440\u0435\u0433\u0438\u043e\u043d\u043e\u0432. \u041f\u0435\u0441\u043d\u0438, \u043f\u0440\u0435\u0434\u0441\u0442\u0430\u0432\u043b\u0435\u043d\u043d\u044b\u0435 \u0432 \u043f\u0440\u043e\u0433\u0440\u0430\u043c\u043c\u0435 \u0432\u0442\u043e\u0440\u043e\u0433\u043e \u0434\u043d\u044f \u043f\u0440\u0430\u0437\u0434\u043d\u0438\u043a\u0430, \u0431\u0443\u0434\u0443\u0442 \u0440\u0430\u0441\u0441\u043a\u0430\u0437\u044b\u0432\u0430\u0442\u044c \u043e \u0441\u0438\u043b\u0435 \u0438&#8230;<\/p>\n","protected":false},"author":1,"featured_media":0,"parent":0,"menu_order":10,"comment_status":"closed","ping_status":"closed","template":"","meta":{"_acf_changed":false,"inline_featured_image":false,"advgb_blocks_editor_width":"","advgb_blocks_columns_visual_guide":"","footnotes":"","_links_to":"","_links_to_target":""},"class_list":["post-84196","page","type-page","status-publish","hentry"],"acf":[],"coauthors":[],"author_meta":{"author_link":"https:\/\/2025.laulupidu.ee\/ru\/author\/admin\/","display_name":"admin"},"relative_dates":{"created":"Posted 2 \u0433\u043e\u0434\u0430 ago","modified":"Updated 11 \u043c\u0435\u0441\u044f\u0446\u0435\u0432 ago"},"absolute_dates":{"created":"Posted on 21. \u0414\u0435\u043a 2023","modified":"Updated on 22. \u041c\u0430\u0439 2025"},"absolute_dates_time":{"created":"Posted on 21. \u0414\u0435\u043a 2023 08:03","modified":"Updated on 22. \u041c\u0430\u0439 2025 06:29"},"featured_img_caption":"","featured_img":false,"series_order":"","_links":{"self":[{"href":"https:\/\/2025.laulupidu.ee\/ru\/wp-json\/wp\/v2\/pages\/84196","targetHints":{"allow":["GET"]}}],"collection":[{"href":"https:\/\/2025.laulupidu.ee\/ru\/wp-json\/wp\/v2\/pages"}],"about":[{"href":"https:\/\/2025.laulupidu.ee\/ru\/wp-json\/wp\/v2\/types\/page"}],"author":[{"embeddable":true,"href":"https:\/\/2025.laulupidu.ee\/ru\/wp-json\/wp\/v2\/users\/1"}],"replies":[{"embeddable":true,"href":"https:\/\/2025.laulupidu.ee\/ru\/wp-json\/wp\/v2\/comments?post=84196"}],"version-history":[{"count":4,"href":"https:\/\/2025.laulupidu.ee\/ru\/wp-json\/wp\/v2\/pages\/84196\/revisions"}],"predecessor-version":[{"id":90031,"href":"https:\/\/2025.laulupidu.ee\/ru\/wp-json\/wp\/v2\/pages\/84196\/revisions\/90031"}],"wp:attachment":[{"href":"https:\/\/2025.laulupidu.ee\/ru\/wp-json\/wp\/v2\/media?parent=84196"}],"curies":[{"name":"wp","href":"https:\/\/api.w.org\/{rel}","templated":true}]}}