{"id":90192,"date":"2024-01-09T07:32:30","date_gmt":"2024-01-09T07:32:30","guid":{"rendered":"https:\/\/2025.laulupidu.ee\/%d0%bf%d1%80%d0%b0%d0%b7%d0%b4%d0%bd%d0%b8%d0%ba-%d1%82%d0%b0%d0%bd%d1%86%d0%b0\/tantsupeo-repertuaar\/"},"modified":"2025-07-02T05:52:01","modified_gmt":"2025-07-02T05:52:01","slug":"tantsupeo-repertuaar","status":"publish","type":"page","link":"https:\/\/2025.laulupidu.ee\/ru\/%d0%bf%d1%80%d0%b0%d0%b7%d0%b4%d0%bd%d0%b8%d0%ba-%d1%82%d0%b0%d0%bd%d1%86%d0%b0\/tantsupeo-repertuaar\/","title":{"rendered":"\u0420\u0435\u043f\u0435\u0440\u0442\u0443\u0430\u0440 \u043f\u0440\u0430\u0437\u0434\u043d\u0438\u043a\u0430 \u0442\u0430\u043d\u0446\u0430"},"content":{"rendered":"\n<div class=\"wp-block-buttons is-layout-flex wp-block-buttons-is-layout-flex\">\n<div class=\"wp-block-button\"><a class=\"wp-block-button__link wp-element-button\" href=\"https:\/\/2025.laulupidu.ee\/ru\/%d0%bf%d1%80%d0%b0%d0%b7%d0%b4%d0%bd%d0%b8%d0%ba-%d1%82%d0%b0%d0%bd%d1%86%d0%b0\/\">\u0421\u0442\u0440\u0430\u043d\u0438\u0446\u0430 \u043f\u0440\u0430\u0437\u0434\u043d\u0438\u043a\u0430 \u0442\u0430\u043d\u0446\u0430<\/a><\/div>\n<\/div>\n\n\n\n<h3 class=\"wp-block-heading wp-el\">SAKALA<\/h3>\n\n\n\n<p class=\"wp-el\"><strong>OH TE ULLUD&nbsp;<\/strong>(tantsivad sega- ja noorter\u00fchmad)<br>Tantsu autor Vaike Rajaste<br>Muusika traditsionaal \u201cHolstre poisid\u201d\/seade P\u00e4ri P\u00e4ri<\/p>\n\n\n\n<p class=\"wp-el\"><strong>MULGI POLKA<\/strong>&nbsp;(tantsivad sega- ja noorter\u00fchmad)<br>Tantsu autor Villu V\u00e4hk<br>Rahvamuusika, August M\u00fc\u00fcrsepp ja M\u00f5ntsi k\u00fclakapell \u201cPulmapolka\u201d\/seade Ludvig Ehala, Margus P\u00f5ldsepp<\/p>\n\n\n\n<p class=\"wp-el\"><strong>MIS VIGA MEHEPOJAL TANTSIDA&nbsp;<\/strong>(tantsivad sega- ja noorter\u00fchmade mehed ja noormehed)<br>Tantsu autor Ene Jakobson<br>Rahvamuusika\/seade Taivo Linna, Villu Talsi\/s\u00f5nad Henno K\u00e4o<\/p>\n\n\n\n<h3 class=\"wp-block-heading wp-el\">P\u00d5HJARANNIK<\/h3>\n\n\n\n<p class=\"wp-el\"><strong>TEISES TUULES<\/strong>&nbsp;(tantsivad noorter\u00fchmad)<br>Tantsu autor Elo Unt<br>Muusika traditsionaal, Veljo Tormis \u201cIngerimaa \u00f5htud: \u201eKiigelaul II \/ Inkerin Illat\u201c,\u201eT\u0161astu\u0161ka II\u201c\u201d\/seade Kadri Voorand<strong><\/strong><\/p>\n\n\n\n<p class=\"wp-el\"><strong>KOLGA KARAPIL&nbsp;<\/strong>(tantsivad segar\u00fchmad)<br>Tantsu autor Maie Orav<br>Rahvamuusika \u201eLabajala valts\u201c ja \u201cTuhat kurat\u201d\/seade Tarvanp\u00e4\u00e4 pillir\u00fchm<\/p>\n\n\n\n<p class=\"wp-el\"><strong>\u00dcLEMERE KAHEKSA&nbsp;<\/strong>(tantsivad sega- ja noorter\u00fchmad)<br>Tantsuseade autor Kristjan Torop <br>Muusika Karjala rahvaviis\/seade Jaan Sommer<\/p>\n\n\n\n<h3 class=\"wp-block-heading wp-el\">P\u00c4RNUMAA<\/h3>\n\n\n\n<p class=\"wp-el\"><strong>AKSELI POLKA&nbsp;<\/strong>(tantsivad sega- ja noorter\u00fchmad)<br>Tantsu autor Ingrid Jasmin <br>Muusika Aksel M\u00e4ngli \u201cAkseli polka\u201d\/seade Kihnu poisid<\/p>\n\n\n\n<p class=\"wp-el\"><strong>TANTSULUGU R\u00c4TTIDEGA&nbsp;<\/strong>(tantsivad sega- ja noorter\u00fchmad)<br>Tantsu autor K\u00e4trin J\u00e4rvis<br>Rahvamuusika \u201cMaarahva labajalg\u201d\/seade Jalmar Vabarna<\/p>\n\n\n\n<h3 class=\"wp-block-heading wp-el\">\u00dcLEILMA<\/h3>\n\n\n\n<p class=\"wp-el\"><strong>\u00dcLEILMA KOKKU&nbsp;<\/strong>(tantsivad nais-, pere- ja segar\u00fchmad)<br>Segar\u00fchma ja perer\u00fchma tantsu autor Mall Paulus<br>Naisr\u00fchmade tantsu autor Agne Kurrikoff-Herman Muusika Pille-Rite Rei \u201eLabajaba\u201c<\/p>\n\n\n\n<h3 class=\"wp-block-heading wp-el\">PEALINN<\/h3>\n\n\n\n<p class=\"wp-el\"><strong>AHELTAIG&nbsp;<\/strong>(tantsivad sega- ja noorter\u00fchmad)<br>Tantsu autor Maria Uppin-Sarv<br>Muusika Oopus \u201eN\u00f5idus\u201c<\/p>\n\n\n\n<p class=\"wp-el\"><strong>V\u00c4LJADE LAUL&nbsp;<\/strong>(tantsivad sega- ja noorter\u00fchmad)<br>Tantsu autor Maido Saar<br>Muusika Duo Ruut \u201cSee on v\u00e4ljade laul\u201d\/s\u00f5nad Viivi Luik<\/p>\n\n\n\n<p class=\"wp-el\"><strong>TEELEMINEKU POLKA<\/strong>&nbsp;(tantsivad sega- ja noorter\u00fchmad) \u2013&nbsp;<strong>Valiktants!<br><\/strong>Tantsu autor Maria Uppin-Sarv<br>Rahvamuusika \u201ePolka Saaremaalt\u201c\/seade Tuule Kann, Jaak Soo\u00e4\u00e4r<\/p>\n\n\n\n<h3 class=\"wp-block-heading wp-el\">KAGUKANT<\/h3>\n\n\n\n<p class=\"wp-el\"><strong>HAANI MIIS&nbsp;<\/strong>(tantsivad sega-, laste- ja perer\u00fchmad)<br>Tantsu autor Maire Udras<br>Rahvamuusika, Kelly Veinberg \u201cAprilli reilender\u201d\/seade Andre Maaker, Lauri \u00d5unapuu, Leik<\/p>\n\n\n\n<p class=\"wp-el\"><strong>KAGUKANDI KLAAR<\/strong>&nbsp;(tantsivad sega-, laste- ja perer\u00fchmad)<strong><br><\/strong>Tantsu seade autor Maire Udras<strong><br><\/strong>Rahvamuusika \u201cNell\u00e4tands\u201d,\u201dVannamoodu setok\u00f5ne\u201d,\u201dKadrel e. vastatside tants\u201d,\u201dKatsematants\u201d,\u201dKolm\u00f5geski kaarassim\u201d, \u201cKolm\u00f5keski krakujak\u201d\/seade Maire Udras, Henrik Hinrikus<\/p>\n\n\n\n<p class=\"wp-el\"><strong>H\u00d5ISSASSA&nbsp;<\/strong>(tantsivad laster\u00fchmad)<br>Tantsu autor Helena-Mariana Reimann<br>Rahvamuusika\/seade Kaido Suss, Kadri Hunt, Andre Maaker<\/p>\n\n\n\n<h3 class=\"wp-block-heading wp-el\">KESKP\u00d5RAND<\/h3>\n\n\n\n<p class=\"wp-el\"><strong>KARAKE KOKKU&nbsp;<\/strong>(tantsivad sega-, noorte- ja laster\u00fchmad)<br>Tantsu autor Kalev J\u00e4rvela<br>Muusika Andre Maaker\/s\u00f5nad Laura V\u00f5igemast<\/p>\n\n\n\n<p class=\"wp-el\"><strong>VINDIGA&nbsp;<\/strong>(tantsivad sega- ja noorter\u00fchmad)<br>Tantsu autor Liina Eero<br>Muusika iiri rahvaviis\/seade R\u00fc\u00fct<\/p>\n\n\n\n<p class=\"wp-el\"><strong>H\u00d5ISSASSA&nbsp;<\/strong>(tantsivad laster\u00fchmad)<br>Tantsu autor Helena-Mariana Reimann<br>Rahvamuusika\/seade Kaido Suss, Kadri Hunt, Andre Maaker<\/p>\n\n\n\n<h3 class=\"wp-block-heading wp-el\">L\u00c4\u00c4NERANNIK&nbsp;<\/h3>\n\n\n\n<p class=\"wp-el\"><strong>LAMBAPESU M\u00c4NG&nbsp;<\/strong>(tantsivad segar\u00fchma naised, laste- ja noorter\u00fchmad)<br>Tantsu autor Roosmarii Sarapuu<br>Muusika Puuluup \u201eLambad ei joo\u201c<\/p>\n\n\n\n<p class=\"wp-el\"><strong>L\u00c4\u00c4NEOTSA VALSID&nbsp;<\/strong>(tantsivad sega- ja noorter\u00fchmad ning 7.-9. klassi segar\u00fchmad)<br>Tantsu autor Rauno Zubko<br>Rahvamuusika \u201eMustjala madal\u201c, \u201eHiiu valss\u201c ja \u201eKasari laudp\u00f5rand\u201d\/seade Erko Niit<\/p>\n\n\n\n<p class=\"wp-el\"><strong>T\u00d5RRETANTS&nbsp;<\/strong>(tantsivad sega\u00fchmade mehed)<br>Tantsu autor Rauno Zubko<br>Muusika katkendid loost \u201cPihti polka\u201d\/seade Ro:toro<\/p>\n\n\n\n<p class=\"wp-el\"><strong>H\u00d5ISSASSA&nbsp;<\/strong>(tantsivad laster\u00fchmad)<br>Tantsu autor Helena-Mariana Reimann<br>Rahvamuusika\/seade Kaido Suss, Kadri Hunt, Andre Maaker<\/p>\n\n\n\n<h3 class=\"wp-block-heading wp-el\">TARTU-VOORE<\/h3>\n\n\n\n<p class=\"wp-el\"><strong>PAUNVERE REINLENDER<br><\/strong>Tantsu autor Ene Jakobson<br>Muusika Heiki Vahar \u201cLinnamehe reilender\u201d\/seade Tanel Aavakivi<\/p>\n\n\n\n<p class=\"wp-el\"><strong>KOHTUMISED<br><\/strong>Tantsu autor Aveli Asber<br>Rahvamuusika \u201eTarvastu sarvelood\u201c\/seade Kristjan Priks<\/p>\n\n\n\n<p class=\"wp-el\"><strong>\u00d5NNEVALSS<br><\/strong>Tantsu autor Elo Unt<br>Muusika Matis Leima \u201eAdvendivalss\u201c\/seade Kiiora<\/p>\n\n\n\n<h3 class=\"wp-block-heading wp-el\">VALIKSEGAR\u00dcHMAD<\/h3>\n\n\n\n<p class=\"wp-el\"><strong>VABA HING<br><\/strong>Tantsu autor Helena-Mariana Reimann<br>Muusika Lauri \u00d5unapuu, Raivo Piirsalu, Markus Tee\u00e4\u00e4r \u201cVaid vaprust\u201d\/s\u00f5nad Lauri \u00d5unapuu<\/p>\n\n\n\n<p class=\"wp-el\"><strong>R\u00d6\u00c4SUSI<br><\/strong>Tantsu autor Kristiina Siig<br>Muusika p\u00e4rimuslik laul \u201cVihmak\u00f5n\u00f5, vellekene\u201d\/seade R\u00fc\u00fct<\/p>\n\n\n\n<p class=\"wp-el\"><strong>KIKKAPUU<br><\/strong>Tantsu autor Elo Unt<br>Rahvamuusika\/seade Matis Leima<\/p>\n\n\n\n<h3 class=\"wp-block-heading wp-el\">MAI (N1)<\/h3>\n\n\n\n<p class=\"wp-el\"><strong>V\u00dcRTSIKAS MAI<br><\/strong>Tantsu autor Elo Unt<br>Muusika Juhan Uppin \u201cKergelt v\u00fcrtsikas\u201d<\/p>\n\n\n\n<p class=\"wp-el\"><strong>MARI LUGU<br><\/strong>Tantsu autor Agne Kurrikoff-Herman<br>Muusika Mari J\u00fcrjens \u201cOotamise valss\u201d\/s\u00f5nad Laura V\u00f5igemast\/seade Mari J\u00fcrjens, Andre Maaker<\/p>\n\n\n\n<h3 class=\"wp-block-heading wp-el\"><strong>M<\/strong>IIA (N2)<\/h3>\n\n\n\n<p class=\"wp-el\"><strong>MIIA M\u00c4NG<br><\/strong>Tantsu autor Madli Teller<br>Muusika Maarja Nuut \u201eMiia polka\u201d,\u201dS\u00f5rmusem\u00e4ng\u201c<\/p>\n\n\n\n<p class=\"wp-el\"><strong>NAISTEGA<br><\/strong>Tantsu autor Sille Kapper-Tiisler<br>Rahvamuusika\/seade Matis Leima<\/p>\n\n\n\n<h3 class=\"wp-block-heading wp-el\">V\u00d5IMLEJAD<\/h3>\n\n\n\n<p class=\"wp-el\"><strong>J\u00d5ES\u00c4NG<br><\/strong>V\u00f5imlemiskava autor Marju Asarov<br>Muusika ja s\u00f5nad Tanel Padar \u201eJ\u00f5es\u00e4ng\u201c<\/p>\n\n\n\n<p class=\"wp-el\"><strong>TULEMISE TUNNE<br><\/strong>V\u00f5imlemiskava autor Elina Gorela\u0161vili<br>Muusika Andre Maaker\/s\u00f5nad Laura V\u00f5igemast<\/p>\n\n\n\n<p class=\"wp-el\"><strong>TUUL<br><\/strong>V\u00f5imlemiskava autor Kersti Kull<br>Muusika ja s\u00f5nad Lea Dali Lion \u201eTuul\u201c<\/p>\n\n\n\n<h3 class=\"wp-block-heading wp-el\">\u00dcHISTANTSUD<\/h3>\n\n\n\n<p class=\"wp-el\"><strong>TULJAK&nbsp;<\/strong>(tantsivad sega- ja noorter\u00fchmad)<br>Tantsu autor Anna Raudkats<br>Muusika Miina H\u00e4rma\/s\u00f5nad Karl Ferdinand Karlsson<\/p>\n\n\n\n<p class=\"wp-el\"><strong>L\u00d6\u00d6ME LOOJANGUNI LOKKU<br><\/strong>Tantsu autor Helena Mariana-Reimann<br>Muusika Andre Maaker\/s\u00f5nad Laura V\u00f5igemast<\/p>\n\n\n\n<p class=\"wp-el\"><strong>ISEOMA<\/strong><br>Tantsu autor Helena Mariana-Reimann<br>Muusika ja s\u00f5nad Jaan Pehk<\/p>\n\n\n\n<div class=\"wp-block-buttons is-layout-flex wp-block-buttons-is-layout-flex\">\n<div class=\"wp-block-button\"><a class=\"wp-block-button__link wp-element-button\" href=\"https:\/\/2025.laulupidu.ee\/ru\/%d0%bf%d1%80%d0%b0%d0%b7%d0%b4%d0%bd%d0%b8%d0%ba-%d1%82%d0%b0%d0%bd%d1%86%d0%b0\/\">\u0421\u0442\u0440\u0430\u043d\u0438\u0446\u0430 \u043f\u0440\u0430\u0437\u0434\u043d\u0438\u043a\u0430 \u0442\u0430\u043d\u0446\u0430<\/a><\/div>\n<\/div>\n","protected":false},"excerpt":{"rendered":"<p>SAKALA OH TE ULLUD&nbsp;(tantsivad sega- ja noorter\u00fchmad)Tantsu autor Vaike RajasteMuusika traditsionaal \u201cHolstre poisid\u201d\/seade P\u00e4ri P\u00e4ri MULGI POLKA&nbsp;(tantsivad sega- ja noorter\u00fchmad)Tantsu autor Villu V\u00e4hkRahvamuusika, August M\u00fc\u00fcrsepp ja M\u00f5ntsi k\u00fclakapell \u201cPulmapolka\u201d\/seade Ludvig Ehala, Margus P\u00f5ldsepp MIS VIGA MEHEPOJAL TANTSIDA&nbsp;(tantsivad sega- ja noorter\u00fchmade&#8230;<\/p>\n","protected":false},"author":1,"featured_media":0,"parent":84199,"menu_order":5,"comment_status":"closed","ping_status":"closed","template":"","meta":{"_acf_changed":false,"inline_featured_image":false,"advgb_blocks_editor_width":"","advgb_blocks_columns_visual_guide":"","footnotes":"","_links_to":"","_links_to_target":""},"class_list":["post-90192","page","type-page","status-publish","hentry"],"acf":[],"coauthors":[],"author_meta":{"author_link":"https:\/\/2025.laulupidu.ee\/ru\/author\/admin\/","display_name":"admin"},"relative_dates":{"created":"Posted 2 \u0433\u043e\u0434\u0430 ago","modified":"Updated 10 \u043c\u0435\u0441\u044f\u0446\u0435\u0432 ago"},"absolute_dates":{"created":"Posted on 9. \u042f\u043d\u0432 2024","modified":"Updated on 2. \u0418\u044e\u043b 2025"},"absolute_dates_time":{"created":"Posted on 9. \u042f\u043d\u0432 2024 07:32","modified":"Updated on 2. \u0418\u044e\u043b 2025 05:52"},"featured_img_caption":"","featured_img":false,"series_order":"","_links":{"self":[{"href":"https:\/\/2025.laulupidu.ee\/ru\/wp-json\/wp\/v2\/pages\/90192","targetHints":{"allow":["GET"]}}],"collection":[{"href":"https:\/\/2025.laulupidu.ee\/ru\/wp-json\/wp\/v2\/pages"}],"about":[{"href":"https:\/\/2025.laulupidu.ee\/ru\/wp-json\/wp\/v2\/types\/page"}],"author":[{"embeddable":true,"href":"https:\/\/2025.laulupidu.ee\/ru\/wp-json\/wp\/v2\/users\/1"}],"replies":[{"embeddable":true,"href":"https:\/\/2025.laulupidu.ee\/ru\/wp-json\/wp\/v2\/comments?post=90192"}],"version-history":[{"count":3,"href":"https:\/\/2025.laulupidu.ee\/ru\/wp-json\/wp\/v2\/pages\/90192\/revisions"}],"predecessor-version":[{"id":94741,"href":"https:\/\/2025.laulupidu.ee\/ru\/wp-json\/wp\/v2\/pages\/90192\/revisions\/94741"}],"up":[{"embeddable":true,"href":"https:\/\/2025.laulupidu.ee\/ru\/wp-json\/wp\/v2\/pages\/84199"}],"wp:attachment":[{"href":"https:\/\/2025.laulupidu.ee\/ru\/wp-json\/wp\/v2\/media?parent=90192"}],"curies":[{"name":"wp","href":"https:\/\/api.w.org\/{rel}","templated":true}]}}