{"id":90195,"date":"2024-01-04T14:10:44","date_gmt":"2024-01-04T14:10:44","guid":{"rendered":"https:\/\/2025.laulupidu.ee\/%d0%bf%d1%80%d0%b0%d0%b7%d0%b4%d0%bd%d0%b8%d0%ba-%d0%bd%d0%b0%d1%80%d0%be%d0%b4%d0%bd%d0%be%d0%b9-%d0%bc%d1%83%d0%b7%d1%8b%d0%ba%d0%b8\/rahvamuusika-repertuaar\/"},"modified":"2025-07-02T05:53:06","modified_gmt":"2025-07-02T05:53:06","slug":"rahvamuusika-repertuaar","status":"publish","type":"page","link":"https:\/\/2025.laulupidu.ee\/ru\/%d0%bf%d1%80%d0%b0%d0%b7%d0%b4%d0%bd%d0%b8%d0%ba-%d0%bd%d0%b0%d1%80%d0%be%d0%b4%d0%bd%d0%be%d0%b9-%d0%bc%d1%83%d0%b7%d1%8b%d0%ba%d0%b8\/rahvamuusika-repertuaar\/","title":{"rendered":"\u0420\u0435\u043f\u0435\u0440\u0442\u0443\u0430\u0440 \u043f\u0440\u0430\u0437\u0434\u043d\u0438\u043a\u0430 \u043d\u0430\u0440\u043e\u0434\u043d\u043e\u0439 \u043c\u0443\u0437\u044b\u043a\u0438"},"content":{"rendered":"\n<div class=\"wp-block-buttons is-layout-flex wp-block-buttons-is-layout-flex\">\n<div class=\"wp-block-button\"><a class=\"wp-block-button__link wp-element-button\" href=\"https:\/\/2025.laulupidu.ee\/ru\/%d0%bf%d1%80%d0%b0%d0%b7%d0%b4%d0%bd%d0%b8%d0%ba-%d0%bd%d0%b0%d1%80%d0%be%d0%b4%d0%bd%d0%be%d0%b9-%d0%bc%d1%83%d0%b7%d1%8b%d0%ba%d0%b8\/\">\u0421\u0442\u0440\u0430\u043d\u0438\u0446\u0430 \u043f\u0440\u0430\u0437\u0434\u043d\u0438\u043a\u0430 \u043d\u0430\u0440\u043e\u0434\u043d\u043e\u0439 \u043c\u0443\u0437\u044b\u043a\u0438<\/a><\/div>\n<\/div>\n\n\n\n<p class=\"wp-el\">Kogu repertuaar esitatakse peast. Iga liigi kavas on neli pala, mille seas nii lauluga lugusid kui tantsumuusikat ja \u00fcks lugu solisti(de)ga. Lisaks teevad k\u00f5ik kaasa \u00fchises l\u00f5punumbris.<\/p>\n\n\n\n<h2 class=\"wp-block-heading wp-el\">HIIU KANDLED<\/h2>\n\n\n\n<p class=\"wp-el\"><strong>Den Brinnande<\/strong> (Vormsi) \u2013 seade Liisa Koemets<\/p>\n\n\n\n<p class=\"wp-el\"><strong>Heinak\u00f5rs<\/strong> (autor Puuluup) \u2013 seade Liisa Koemets, Solistid: Puuluup (Ramo Teder ja Marko Veisson)<\/p>\n\n\n\n<p class=\"wp-el\"><strong>Labajalad Mart Kaaseni j\u00e4rgi <\/strong>(L\u00e4\u00e4ne-Nigula) \u2013 seade S\u00e4nni Noormets<\/p>\n\n\n\n<p class=\"wp-el\"><strong>Tribidansin<\/strong> (Vormsi) \u2013 seade Liisa Koemets<\/p>\n\n\n\n<h2 class=\"wp-block-heading wp-el\">KANDLED<\/h2>\n\n\n\n<p class=\"wp-el\"><strong>L\u00e4ti rumba ja Soome polka<\/strong> (rahvalik) \u2013 seade Kadri Lepasson, Solistid: Aivar Arak ja Martin Arak<\/p>\n\n\n\n<p class=\"wp-el\"><strong>Theodor Marjaku polkad<\/strong> (R\u00f5uge) \u2013 seade Ott Kaasik<\/p>\n\n\n\n<p class=\"wp-el\"><strong>Suvaline suvi<\/strong> (autor Aia Rikka) \u2013 seade Kadri Lepasson<\/p>\n\n\n\n<p class=\"wp-el\"><strong>S\u00f6rk<\/strong> (Halliste) \u2013 seade Kadri Lepasson<\/p>\n\n\n\n<h2 class=\"wp-block-heading wp-el\">KARMO\u0160KAD<\/h2>\n\n\n\n<p class=\"wp-el\"><strong>Anniaru reinlender<\/strong> (autor Piret Aus) \u2013 seade Piret Aus, Solist: Piret Aus<\/p>\n\n\n\n<p class=\"wp-el\"><strong>Kirmask!<\/strong> (Setomaa) \u2013 seade Tuule Pihlap<\/p>\n\n\n\n<p class=\"wp-el\"><strong>Karmo\u0161kale<\/strong> (autor Jalmar Vabarna) \u2013 seade Arno Tamm<\/p>\n\n\n\n<p class=\"wp-el\"><strong>Kui lapsena lustilla luhal<\/strong> (rahvalik) \u2013 seade Evelin Leima<\/p>\n\n\n\n<h2 class=\"wp-block-heading wp-el\">L\u00d5\u00d5TSPILLID<\/h2>\n\n\n\n<p class=\"wp-el\"><strong>Heinale<\/strong> (L\u00e4\u00e4ne-Virumaa) \u2013 seade Kert Kr\u00fcsban, Solistid: Martin M\u00fcller ja Asso Int<\/p>\n\n\n\n<p class=\"wp-el\"><strong>L\u00e4\u00e4nemaa labajalad<\/strong> (Vigala, Kullamaa, Kirbla) \u2013 seade Natali Ponetajev<\/p>\n\n\n\n<p class=\"wp-el\"><strong>Polkad T\u00e4hev\u00e4lja kapelli j\u00e4rgi<\/strong> (Puhja) \u2013 seade Kert Kr\u00fcsban<\/p>\n\n\n\n<p class=\"wp-el\"><strong>\u00d5htune valss<\/strong> (autor Kristi Kool) \u2013 seade Kristi Kool<\/p>\n\n\n\n<h2 class=\"wp-block-heading wp-el\">MANDOLIINID<\/h2>\n\n\n\n<p class=\"wp-el\"><strong>Hommiku reinlender<\/strong> (autor Kristjan Kuusmik) \u2013 seade Kristjan Kuusmik<\/p>\n\n\n\n<p class=\"wp-el\"><strong>Musu \u00e4pardus \/ Vengerka<\/strong> (rahvalik) \u2013 seade Tanel Sakrits<\/p>\n\n\n\n<p class=\"wp-el\"><strong>P\u00f5ltsamaa valss<\/strong> (P\u00f5ltsamaa) \u2013 seade Hans Mihkel Vares, Solistid: Mandoliiniorkestrite juhid (Ilmar Kald, Jaanus P\u00f5lder, Joosep Sang, Joonas Tuuling<\/p>\n\n\n\n<p class=\"wp-el\"><strong>Siuhh-sauhh polka<\/strong> (autor Valdur Lehtla) \u2013 seade Sten Aamer<\/p>\n\n\n\n<h2 class=\"wp-block-heading wp-el\">TORUPILLID<\/h2>\n\n\n\n<p class=\"wp-el\"><strong>Kolka polka<\/strong> (autor Lauri \u00d5unapuu) \u2013 seade C\u00e4tlin M\u00e4gi, Solist: Lauri \u00d5unapuu<\/p>\n\n\n\n<p class=\"wp-el\"><strong>Ristitants<\/strong> (Peetri, Mustjala) \u2013 seade C\u00e4tlin M\u00e4gi<\/p>\n\n\n\n<p class=\"wp-el\"><strong>Ratsovi saajalugu<\/strong> (Kuusalu) \u2013 seade Merike Paberits<\/p>\n\n\n\n<p class=\"wp-el\"><strong>Tori torud<\/strong> (Tori) \u2013 seade Kaisa Kuslapuu<\/p>\n\n\n\n<h2 class=\"wp-block-heading wp-el\">VIIULID<\/h2>\n\n\n\n<p class=\"wp-el\"><strong>Karjask\u00e4imise lugu<\/strong> (Urvaste) \u2013 seade K\u00e4rt Tambet<\/p>\n\n\n\n<p class=\"wp-el\"><strong>Seitse<\/strong> (Ruhnu) \u2013 seade Karoliina Kreintaal ja Lee Taul, Solistid: Ruhnu saare lood ja laulud (Karoliina Kreintaal, Lee Taul, S\u00e4nni Noormets)<\/p>\n\n\n\n<p class=\"wp-el\"><strong>Tee peale kaasa<\/strong> (autor Regina M\u00e4nd) \u2013 seade Regina M\u00e4nd<\/p>\n\n\n\n<p class=\"wp-el\"><strong>T\u00f5mba J\u00fcri<\/strong> (Tori) \u2013 seade Maria M\u00e4nd ja Juuli K\u00f5rre (duo Mann ja Juula)<\/p>\n\n\n\n<h2 class=\"wp-block-heading wp-el\">KOONDORKESTER<\/h2>\n\n\n\n<p class=\"wp-el\"><strong>Peetri polka<\/strong> (Saarde) \u2013 seade Tarmo Kivisilla<\/p>\n\n\n\n<p class=\"wp-el\"><strong>Pulmamaja poole<\/strong> (Tallinn\/Sangaste) \u2013 seade Folklooriklubi Maatasa<\/p>\n\n\n\n<p class=\"wp-el\"><strong>Tiivasirutus<\/strong> (autor Koidu Ahk) \u2013 seade Koidu Ahk, Solist: Maimu J\u00f5geda<\/p>\n\n\n\n<p class=\"wp-el\"><strong>Woki-Peetri labajalg<\/strong> (Reigi) \u2013 seade Helin Pihlap<\/p>\n\n\n\n<div class=\"wp-block-buttons is-layout-flex wp-block-buttons-is-layout-flex\">\n<div class=\"wp-block-button\"><a class=\"wp-block-button__link wp-element-button\" href=\"https:\/\/2025.laulupidu.ee\/ru\/%d0%bf%d1%80%d0%b0%d0%b7%d0%b4%d0%bd%d0%b8%d0%ba-%d0%bd%d0%b0%d1%80%d0%be%d0%b4%d0%bd%d0%be%d0%b9-%d0%bc%d1%83%d0%b7%d1%8b%d0%ba%d0%b8\/\">\u0421\u0442\u0440\u0430\u043d\u0438\u0446\u0430 \u043f\u0440\u0430\u0437\u0434\u043d\u0438\u043a\u0430 \u043d\u0430\u0440\u043e\u0434\u043d\u043e\u0439 \u043c\u0443\u0437\u044b\u043a\u0438<\/a><\/div>\n<\/div>\n","protected":false},"excerpt":{"rendered":"<p>Kogu repertuaar esitatakse peast. Iga liigi kavas on neli pala, mille seas nii lauluga lugusid kui tantsumuusikat ja \u00fcks lugu solisti(de)ga. Lisaks teevad k\u00f5ik kaasa \u00fchises l\u00f5punumbris. HIIU KANDLED Den Brinnande (Vormsi) \u2013 seade Liisa Koemets Heinak\u00f5rs (autor Puuluup) \u2013&#8230;<\/p>\n","protected":false},"author":1,"featured_media":0,"parent":84201,"menu_order":10,"comment_status":"closed","ping_status":"closed","template":"","meta":{"_acf_changed":false,"inline_featured_image":false,"advgb_blocks_editor_width":"","advgb_blocks_columns_visual_guide":"","footnotes":"","_links_to":"","_links_to_target":""},"class_list":["post-90195","page","type-page","status-publish","hentry"],"acf":[],"coauthors":[],"author_meta":{"author_link":"https:\/\/2025.laulupidu.ee\/ru\/author\/admin\/","display_name":"admin"},"relative_dates":{"created":"Posted 2 \u0433\u043e\u0434\u0430 ago","modified":"Updated 10 \u043c\u0435\u0441\u044f\u0446\u0435\u0432 ago"},"absolute_dates":{"created":"Posted on 4. \u042f\u043d\u0432 2024","modified":"Updated on 2. \u0418\u044e\u043b 2025"},"absolute_dates_time":{"created":"Posted on 4. \u042f\u043d\u0432 2024 02:10","modified":"Updated on 2. \u0418\u044e\u043b 2025 05:53"},"featured_img_caption":"","featured_img":false,"series_order":"","_links":{"self":[{"href":"https:\/\/2025.laulupidu.ee\/ru\/wp-json\/wp\/v2\/pages\/90195","targetHints":{"allow":["GET"]}}],"collection":[{"href":"https:\/\/2025.laulupidu.ee\/ru\/wp-json\/wp\/v2\/pages"}],"about":[{"href":"https:\/\/2025.laulupidu.ee\/ru\/wp-json\/wp\/v2\/types\/page"}],"author":[{"embeddable":true,"href":"https:\/\/2025.laulupidu.ee\/ru\/wp-json\/wp\/v2\/users\/1"}],"replies":[{"embeddable":true,"href":"https:\/\/2025.laulupidu.ee\/ru\/wp-json\/wp\/v2\/comments?post=90195"}],"version-history":[{"count":3,"href":"https:\/\/2025.laulupidu.ee\/ru\/wp-json\/wp\/v2\/pages\/90195\/revisions"}],"predecessor-version":[{"id":94742,"href":"https:\/\/2025.laulupidu.ee\/ru\/wp-json\/wp\/v2\/pages\/90195\/revisions\/94742"}],"up":[{"embeddable":true,"href":"https:\/\/2025.laulupidu.ee\/ru\/wp-json\/wp\/v2\/pages\/84201"}],"wp:attachment":[{"href":"https:\/\/2025.laulupidu.ee\/ru\/wp-json\/wp\/v2\/media?parent=90195"}],"curies":[{"name":"wp","href":"https:\/\/api.w.org\/{rel}","templated":true}]}}